{"id":204,"date":"2022-11-19T09:55:52","date_gmt":"2022-11-19T08:55:52","guid":{"rendered":"http:\/\/acsimultimedia.fr\/acsimultimedia.fr\/?page_id=204"},"modified":"2023-01-19T18:20:08","modified_gmt":"2023-01-19T17:20:08","slug":"partenaires","status":"publish","type":"page","link":"https:\/\/acsimultimedia.fr\/index.php\/partenaires\/","title":{"rendered":"Mat\u00e9riel en vente"},"content":{"rendered":"\t\t<div data-elementor-type=\"wp-page\" data-elementor-id=\"204\" class=\"elementor elementor-204\">\n\t\t\t\t\t\t\t\t\t<section class=\"elementor-section elementor-top-section elementor-element elementor-element-6f131b9 elementor-section-boxed elementor-section-height-default elementor-section-height-default\" data-id=\"6f131b9\" data-element_type=\"section\">\n\t\t\t\t\t\t<div class=\"elementor-container elementor-column-gap-default\">\n\t\t\t\t\t<div class=\"elementor-column elementor-col-100 elementor-top-column elementor-element elementor-element-99d8d8f\" data-id=\"99d8d8f\" data-element_type=\"column\">\n\t\t\t<div class=\"elementor-widget-wrap elementor-element-populated\">\n\t\t\t\t\t\t\t\t<div class=\"elementor-element elementor-element-32297ea elementor-widget elementor-widget-heading\" data-id=\"32297ea\" data-element_type=\"widget\" data-widget_type=\"heading.default\">\n\t\t\t\t<div class=\"elementor-widget-container\">\n\t\t\t<style>\/*! elementor - v3.9.1 - 14-12-2022 *\/\n.elementor-heading-title{padding:0;margin:0;line-height:1}.elementor-widget-heading .elementor-heading-title[class*=elementor-size-]>a{color:inherit;font-size:inherit;line-height:inherit}.elementor-widget-heading .elementor-heading-title.elementor-size-small{font-size:15px}.elementor-widget-heading .elementor-heading-title.elementor-size-medium{font-size:19px}.elementor-widget-heading .elementor-heading-title.elementor-size-large{font-size:29px}.elementor-widget-heading .elementor-heading-title.elementor-size-xl{font-size:39px}.elementor-widget-heading .elementor-heading-title.elementor-size-xxl{font-size:59px}<\/style><h2 class=\"elementor-heading-title elementor-size-default\">NOS PARTENAIRES<\/h2>\t\t<\/div>\n\t\t\t\t<\/div>\n\t\t\t\t\t<\/div>\n\t\t<\/div>\n\t\t\t\t\t\t\t<\/div>\n\t\t<\/section>\n\t\t\t\t<section class=\"elementor-section elementor-top-section elementor-element elementor-element-9199306 elementor-section-boxed elementor-section-height-default elementor-section-height-default\" data-id=\"9199306\" data-element_type=\"section\">\n\t\t\t\t\t\t<div class=\"elementor-container elementor-column-gap-default\">\n\t\t\t\t\t<div class=\"elementor-column elementor-col-33 elementor-top-column elementor-element elementor-element-7b457ac\" data-id=\"7b457ac\" data-element_type=\"column\">\n\t\t\t<div class=\"elementor-widget-wrap elementor-element-populated\">\n\t\t\t\t\t\t\t\t<div class=\"elementor-element elementor-element-a029d5a elementor-widget elementor-widget-eael-image-accordion\" data-id=\"a029d5a\" data-element_type=\"widget\" data-widget_type=\"eael-image-accordion.default\">\n\t\t\t\t<div class=\"elementor-widget-container\">\n\t\t\t    <div class=\"eael-img-accordion accordion-direction-horizontal eael-img-accordion-horizontal-align-center eael-img-accordion-vertical-align-center\" id=\"eael-img-accordion-a029d5a\" data-img-accordion-id=\"a029d5a\" data-img-accordion-type=\"on-hover\">\n                    \n            <a href=\"#\/\" class=\"eael-image-accordion-hover\" style=\"background-image: url(https:\/\/acsimultimedia.fr\/wp-content\/uploads\/2022\/12\/CISCO.png);\"  tabindex=\"0\">\n            <div class=\"overlay\">\n                <div class=\"overlay-inner\">\n                    <div class=\"overlay-inner \">\n                                                    <p><p>Cisco Systems est une entreprise informatique am\u00e9ricaine sp\u00e9cialis\u00e9e, \u00e0 l\u2019origine, dans le mat\u00e9riel r\u00e9seau, et depuis 2009 dans les serveurs. Elle s&rsquo;est depuis largement diversifi\u00e9e dans les logiciels et notamment la cybers\u00e9curit\u00e9.<\/p><\/p>\n                                            <\/div>\n                <\/div>\n            <\/div>\n            <\/a>\n                <\/div>\n        <style typr=\"text\/css\">\n                    #eael-img-accordion-a029d5a .eael-image-accordion-hover:hover {\n                        flex: 3 1 0% !important;\n                    }\n                    #eael-img-accordion-a029d5a .eael-image-accordion-hover:hover:hover .overlay-inner * {\n                        opacity: 1;\n                        visibility: visible;\n                        transform: none;\n                        transition: all .3s .3s;\n                    }\n                <\/style>\t\t<\/div>\n\t\t\t\t<\/div>\n\t\t\t\t\t<\/div>\n\t\t<\/div>\n\t\t\t\t<div class=\"elementor-column elementor-col-33 elementor-top-column elementor-element elementor-element-4f8f76c\" data-id=\"4f8f76c\" data-element_type=\"column\">\n\t\t\t<div class=\"elementor-widget-wrap elementor-element-populated\">\n\t\t\t\t\t\t\t\t<div class=\"elementor-element elementor-element-29b42ad elementor-widget elementor-widget-eael-image-accordion\" data-id=\"29b42ad\" data-element_type=\"widget\" data-widget_type=\"eael-image-accordion.default\">\n\t\t\t\t<div class=\"elementor-widget-container\">\n\t\t\t    <div class=\"eael-img-accordion accordion-direction-horizontal eael-img-accordion-horizontal-align-center eael-img-accordion-vertical-align-center\" id=\"eael-img-accordion-29b42ad\" data-img-accordion-id=\"29b42ad\" data-img-accordion-type=\"on-hover\">\n                    \n            <a href=\"#\/\" class=\"eael-image-accordion-hover\" style=\"background-image: url(https:\/\/acsimultimedia.fr\/wp-content\/uploads\/2022\/12\/corel.png);\"  tabindex=\"0\">\n            <div class=\"overlay\">\n                <div class=\"overlay-inner\">\n                    <div class=\"overlay-inner \">\n                                                    <p><p>CorelDRAW est une suite graphique d\u00e9velopp\u00e9e par l&rsquo;\u00e9diteur de logiciels Corel depuis 1989. \u00c0 l&rsquo;origine, il s&rsquo;agissait du logiciel de dessin vectoriel CorelDRAW. Au fil du temps, d&rsquo;autres logiciels tels que Corel PhotoPaint et Corel R.A.V.E ont \u00e9t\u00e9 ajout\u00e9s et le logiciel est devenu une suite graphique.<\/p><\/p>\n                                            <\/div>\n                <\/div>\n            <\/div>\n            <\/a>\n                <\/div>\n        <style typr=\"text\/css\">\n                    #eael-img-accordion-29b42ad .eael-image-accordion-hover:hover {\n                        flex: 3 1 0% !important;\n                    }\n                    #eael-img-accordion-29b42ad .eael-image-accordion-hover:hover:hover .overlay-inner * {\n                        opacity: 1;\n                        visibility: visible;\n                        transform: none;\n                        transition: all .3s .3s;\n                    }\n                <\/style>\t\t<\/div>\n\t\t\t\t<\/div>\n\t\t\t\t\t<\/div>\n\t\t<\/div>\n\t\t\t\t<div class=\"elementor-column elementor-col-33 elementor-top-column elementor-element elementor-element-82c5cb0\" data-id=\"82c5cb0\" data-element_type=\"column\">\n\t\t\t<div class=\"elementor-widget-wrap elementor-element-populated\">\n\t\t\t\t\t\t\t\t<div class=\"elementor-element elementor-element-e7cbb1f elementor-widget elementor-widget-eael-image-accordion\" data-id=\"e7cbb1f\" data-element_type=\"widget\" data-widget_type=\"eael-image-accordion.default\">\n\t\t\t\t<div class=\"elementor-widget-container\">\n\t\t\t    <div class=\"eael-img-accordion accordion-direction-horizontal eael-img-accordion-horizontal-align-center eael-img-accordion-vertical-align-center\" id=\"eael-img-accordion-e7cbb1f\" data-img-accordion-id=\"e7cbb1f\" data-img-accordion-type=\"on-hover\">\n                    \n            <a href=\"#\/\" class=\"eael-image-accordion-hover\" style=\"background-image: url(https:\/\/acsimultimedia.fr\/wp-content\/uploads\/2022\/12\/HP-logo.png);\"  tabindex=\"0\">\n            <div class=\"overlay\">\n                <div class=\"overlay-inner\">\n                    <div class=\"overlay-inner \">\n                                                    <p><p>Hewlett-Packard Company, officiellement abr\u00e9g\u00e9e en HP, est une entreprise multinationale am\u00e9ricaine initialement d\u2019\u00e9lectronique et d&rsquo;instrumentation qui \u00e9volue au cours du temps vers l&rsquo;informatique, les imprimantes, les serveurs et r\u00e9seaux, le logiciel et le multim\u00e9dia.<\/p><\/p>\n                                            <\/div>\n                <\/div>\n            <\/div>\n            <\/a>\n                <\/div>\n        <style typr=\"text\/css\">\n                    #eael-img-accordion-e7cbb1f .eael-image-accordion-hover:hover {\n                        flex: 3 1 0% !important;\n                    }\n                    #eael-img-accordion-e7cbb1f .eael-image-accordion-hover:hover:hover .overlay-inner * {\n                        opacity: 1;\n                        visibility: visible;\n                        transform: none;\n                        transition: all .3s .3s;\n                    }\n                <\/style>\t\t<\/div>\n\t\t\t\t<\/div>\n\t\t\t\t\t<\/div>\n\t\t<\/div>\n\t\t\t\t\t\t\t<\/div>\n\t\t<\/section>\n\t\t\t\t<section class=\"elementor-section elementor-top-section elementor-element elementor-element-bc8a56d elementor-section-boxed elementor-section-height-default elementor-section-height-default\" data-id=\"bc8a56d\" data-element_type=\"section\">\n\t\t\t\t\t\t<div class=\"elementor-container elementor-column-gap-default\">\n\t\t\t\t\t<div class=\"elementor-column elementor-col-33 elementor-top-column elementor-element elementor-element-171dcaf\" data-id=\"171dcaf\" data-element_type=\"column\">\n\t\t\t<div class=\"elementor-widget-wrap elementor-element-populated\">\n\t\t\t\t\t\t\t\t<div class=\"elementor-element elementor-element-bfc8c18 elementor-widget elementor-widget-eael-image-accordion\" data-id=\"bfc8c18\" data-element_type=\"widget\" data-widget_type=\"eael-image-accordion.default\">\n\t\t\t\t<div class=\"elementor-widget-container\">\n\t\t\t    <div class=\"eael-img-accordion accordion-direction-horizontal eael-img-accordion-horizontal-align-center eael-img-accordion-vertical-align-center\" id=\"eael-img-accordion-bfc8c18\" data-img-accordion-id=\"bfc8c18\" data-img-accordion-type=\"on-hover\">\n                    \n            <a href=\"#\/\" class=\"eael-image-accordion-hover\" style=\"background-image: url(https:\/\/acsimultimedia.fr\/wp-content\/uploads\/2022\/12\/intel.png);\"  tabindex=\"0\">\n            <div class=\"overlay\">\n                <div class=\"overlay-inner\">\n                    <div class=\"overlay-inner \">\n                                                    <p><p>Intel Corporation est une entreprise am\u00e9ricaine fond\u00e9e le 18 juillet 1968 par Gordon Moore, Robert Noyce et Andrew Grove. Elle est le second fabricant mondial de semi-conducteurs apr\u00e8s Samsung si on se fonde sur le chiffre d&rsquo;affaires.\u00a0<\/p><\/p>\n                                            <\/div>\n                <\/div>\n            <\/div>\n            <\/a>\n                <\/div>\n        <style typr=\"text\/css\">\n                    #eael-img-accordion-bfc8c18 .eael-image-accordion-hover:hover {\n                        flex: 3 1 0% !important;\n                    }\n                    #eael-img-accordion-bfc8c18 .eael-image-accordion-hover:hover:hover .overlay-inner * {\n                        opacity: 1;\n                        visibility: visible;\n                        transform: none;\n                        transition: all .3s .3s;\n                    }\n                <\/style>\t\t<\/div>\n\t\t\t\t<\/div>\n\t\t\t\t\t<\/div>\n\t\t<\/div>\n\t\t\t\t<div class=\"elementor-column elementor-col-33 elementor-top-column elementor-element elementor-element-26d63b3\" data-id=\"26d63b3\" data-element_type=\"column\">\n\t\t\t<div class=\"elementor-widget-wrap elementor-element-populated\">\n\t\t\t\t\t\t\t\t<div class=\"elementor-element elementor-element-631eb7f elementor-widget elementor-widget-eael-image-accordion\" data-id=\"631eb7f\" data-element_type=\"widget\" data-widget_type=\"eael-image-accordion.default\">\n\t\t\t\t<div class=\"elementor-widget-container\">\n\t\t\t    <div class=\"eael-img-accordion accordion-direction-horizontal eael-img-accordion-horizontal-align-center eael-img-accordion-vertical-align-center\" id=\"eael-img-accordion-631eb7f\" data-img-accordion-id=\"631eb7f\" data-img-accordion-type=\"on-hover\">\n                    \n            <a href=\"#\/\" class=\"eael-image-accordion-hover\" style=\"background-image: url(https:\/\/acsimultimedia.fr\/wp-content\/uploads\/2022\/12\/microsoft1.png);\"  tabindex=\"0\">\n            <div class=\"overlay\">\n                <div class=\"overlay-inner\">\n                    <div class=\"overlay-inner \">\n                                                    <p><p>Fond\u00e9e en 1975 la soci\u00e9t\u00e9 Microsoft est une\u00a0entreprise informatique sp\u00e9cialis\u00e9e dans le d\u00e9veloppement de logiciels et de fabrication de produits \u00e0 destination du grand public et des professionnels.<\/p><\/p>\n                                            <\/div>\n                <\/div>\n            <\/div>\n            <\/a>\n                <\/div>\n        <style typr=\"text\/css\">\n                    #eael-img-accordion-631eb7f .eael-image-accordion-hover:hover {\n                        flex: 3 1 0% !important;\n                    }\n                    #eael-img-accordion-631eb7f .eael-image-accordion-hover:hover:hover .overlay-inner * {\n                        opacity: 1;\n                        visibility: visible;\n                        transform: none;\n                        transition: all .3s .3s;\n                    }\n                <\/style>\t\t<\/div>\n\t\t\t\t<\/div>\n\t\t\t\t\t<\/div>\n\t\t<\/div>\n\t\t\t\t<div class=\"elementor-column elementor-col-33 elementor-top-column elementor-element elementor-element-b37f1fe\" data-id=\"b37f1fe\" data-element_type=\"column\">\n\t\t\t<div class=\"elementor-widget-wrap elementor-element-populated\">\n\t\t\t\t\t\t\t\t<div class=\"elementor-element elementor-element-8fb392b elementor-widget elementor-widget-eael-image-accordion\" data-id=\"8fb392b\" data-element_type=\"widget\" data-widget_type=\"eael-image-accordion.default\">\n\t\t\t\t<div class=\"elementor-widget-container\">\n\t\t\t    <div class=\"eael-img-accordion accordion-direction-horizontal eael-img-accordion-horizontal-align-center eael-img-accordion-vertical-align-center\" id=\"eael-img-accordion-8fb392b\" data-img-accordion-id=\"8fb392b\" data-img-accordion-type=\"on-hover\">\n                    \n            <a href=\"#\/\" class=\"eael-image-accordion-hover\" style=\"background-image: url(https:\/\/acsimultimedia.fr\/wp-content\/uploads\/2022\/12\/OVH.png);\"  tabindex=\"0\">\n            <div class=\"overlay\">\n                <div class=\"overlay-inner\">\n                    <div class=\"overlay-inner \">\n                                                    <p><p>OVHcloud,\u00a0anciennement OVH, est une entreprise fran\u00e7aise. Elle pratique initialement de l&rsquo;h\u00e9bergement de serveur, et est un fournisseur d&rsquo;acc\u00e8s \u00e0 Internet, puis op\u00e9rateur de t\u00e9l\u00e9communications pour les entreprises. Elle se d\u00e9veloppe, \u00e0 la fin des ann\u00e9es 2010, dans le cloud computing.<\/p><\/p>\n                                            <\/div>\n                <\/div>\n            <\/div>\n            <\/a>\n                <\/div>\n        <style typr=\"text\/css\">\n                    #eael-img-accordion-8fb392b .eael-image-accordion-hover:hover {\n                        flex: 3 1 0% !important;\n                    }\n                    #eael-img-accordion-8fb392b .eael-image-accordion-hover:hover:hover .overlay-inner * {\n                        opacity: 1;\n                        visibility: visible;\n                        transform: none;\n                        transition: all .3s .3s;\n                    }\n                <\/style>\t\t<\/div>\n\t\t\t\t<\/div>\n\t\t\t\t\t<\/div>\n\t\t<\/div>\n\t\t\t\t\t\t\t<\/div>\n\t\t<\/section>\n\t\t\t\t\t\t\t<\/div>\n\t\t","protected":false},"excerpt":{"rendered":"<p>NOS PARTENAIRES Cisco Systems est une entreprise informatique am\u00e9ricaine sp\u00e9cialis\u00e9e, \u00e0 l\u2019origine, dans le mat\u00e9riel r\u00e9seau, et depuis 2009 dans les serveurs. Elle s\u2019est depuis largement diversifi\u00e9e dans les logiciels et notamment la cybers\u00e9curit\u00e9. CorelDRAW est une suite graphique d\u00e9velopp\u00e9e par l\u2019\u00e9diteur de logiciels Corel depuis 1989. \u00c0 l\u2019origine, il s\u2019agissait du logiciel de dessin &hellip;<\/p>\n<p class=\"read-more\"> <a class=\"\" href=\"https:\/\/acsimultimedia.fr\/index.php\/partenaires\/\"> <span class=\"screen-reader-text\">Mat\u00e9riel en vente<\/span> Lire la suite\u00a0\u00bb<\/a><\/p>\n","protected":false},"author":1,"featured_media":0,"parent":0,"menu_order":0,"comment_status":"closed","ping_status":"closed","template":"","meta":{"_mi_skip_tracking":false,"site-sidebar-layout":"no-sidebar","site-content-layout":"page-builder","ast-global-header-display":"","ast-main-header-display":"","ast-hfb-above-header-display":"","ast-hfb-below-header-display":"","ast-hfb-mobile-header-display":"","site-post-title":"disabled","ast-breadcrumbs-content":"","ast-featured-img":"disabled","footer-sml-layout":"","theme-transparent-header-meta":"","adv-header-id-meta":"","stick-header-meta":"","header-above-stick-meta":"","header-main-stick-meta":"","header-below-stick-meta":"","footnotes":""},"class_list":["post-204","page","type-page","status-publish","hentry"],"yoast_head":"<!-- This site is optimized with the Yoast SEO plugin v19.12 - https:\/\/yoast.com\/wordpress\/plugins\/seo\/ -->\n<title>Mat\u00e9riel en vente - ACSI Multimedia : informatique, r\u00e9seaux et s\u00e9curit\u00e9<\/title>\n<meta name=\"robots\" content=\"index, follow, max-snippet:-1, max-image-preview:large, max-video-preview:-1\" \/>\n<link rel=\"canonical\" href=\"https:\/\/acsimultimedia.fr\/index.php\/partenaires\/\" \/>\n<meta property=\"og:locale\" content=\"fr_FR\" \/>\n<meta property=\"og:type\" content=\"article\" \/>\n<meta property=\"og:title\" content=\"Mat\u00e9riel en vente - ACSI Multimedia : informatique, r\u00e9seaux et s\u00e9curit\u00e9\" \/>\n<meta property=\"og:description\" content=\"NOS PARTENAIRES Cisco Systems est une entreprise informatique am\u00e9ricaine sp\u00e9cialis\u00e9e, \u00e0 l\u2019origine, dans le mat\u00e9riel r\u00e9seau, et depuis 2009 dans les serveurs. Elle s\u2019est depuis largement diversifi\u00e9e dans les logiciels et notamment la cybers\u00e9curit\u00e9. CorelDRAW est une suite graphique d\u00e9velopp\u00e9e par l\u2019\u00e9diteur de logiciels Corel depuis 1989. \u00c0 l\u2019origine, il s\u2019agissait du logiciel de dessin &hellip; Mat\u00e9riel en vente Lire la suite\u00a0\u00bb\" \/>\n<meta property=\"og:url\" content=\"https:\/\/acsimultimedia.fr\/index.php\/partenaires\/\" \/>\n<meta property=\"og:site_name\" content=\"ACSI Multimedia : informatique, r\u00e9seaux et s\u00e9curit\u00e9\" \/>\n<meta property=\"article:modified_time\" content=\"2023-01-19T17:20:08+00:00\" \/>\n<meta name=\"twitter:card\" content=\"summary_large_image\" \/>\n<meta name=\"twitter:label1\" content=\"Dur\u00e9e de lecture estim\u00e9e\" \/>\n\t<meta name=\"twitter:data1\" content=\"2 minutes\" \/>\n<script type=\"application\/ld+json\" class=\"yoast-schema-graph\">{\"@context\":\"https:\/\/schema.org\",\"@graph\":[{\"@type\":\"WebPage\",\"@id\":\"https:\/\/acsimultimedia.fr\/index.php\/partenaires\/\",\"url\":\"https:\/\/acsimultimedia.fr\/index.php\/partenaires\/\",\"name\":\"Mat\u00e9riel en vente - ACSI Multimedia : informatique, r\u00e9seaux et s\u00e9curit\u00e9\",\"isPartOf\":{\"@id\":\"https:\/\/acsimultimedia.fr\/#website\"},\"datePublished\":\"2022-11-19T08:55:52+00:00\",\"dateModified\":\"2023-01-19T17:20:08+00:00\",\"breadcrumb\":{\"@id\":\"https:\/\/acsimultimedia.fr\/index.php\/partenaires\/#breadcrumb\"},\"inLanguage\":\"fr-FR\",\"potentialAction\":[{\"@type\":\"ReadAction\",\"target\":[\"https:\/\/acsimultimedia.fr\/index.php\/partenaires\/\"]}]},{\"@type\":\"BreadcrumbList\",\"@id\":\"https:\/\/acsimultimedia.fr\/index.php\/partenaires\/#breadcrumb\",\"itemListElement\":[{\"@type\":\"ListItem\",\"position\":1,\"name\":\"Accueil\",\"item\":\"https:\/\/acsimultimedia.fr\/\"},{\"@type\":\"ListItem\",\"position\":2,\"name\":\"Mat\u00e9riel en vente\"}]},{\"@type\":\"WebSite\",\"@id\":\"https:\/\/acsimultimedia.fr\/#website\",\"url\":\"https:\/\/acsimultimedia.fr\/\",\"name\":\"ACSI Multimedia : informatique, r\u00e9seaux et s\u00e9curit\u00e9\",\"description\":\"Votre prestataire informatique et s\u00e9curit\u00e9 \u00e0 vos c\u00f4t\u00e9s depuis plus de 10 ans\",\"publisher\":{\"@id\":\"https:\/\/acsimultimedia.fr\/#organization\"},\"potentialAction\":[{\"@type\":\"SearchAction\",\"target\":{\"@type\":\"EntryPoint\",\"urlTemplate\":\"https:\/\/acsimultimedia.fr\/?s={search_term_string}\"},\"query-input\":\"required name=search_term_string\"}],\"inLanguage\":\"fr-FR\"},{\"@type\":\"Organization\",\"@id\":\"https:\/\/acsimultimedia.fr\/#organization\",\"name\":\"ACSI Multimedia : informatique, r\u00e9seaux et s\u00e9curit\u00e9\",\"url\":\"https:\/\/acsimultimedia.fr\/\",\"logo\":{\"@type\":\"ImageObject\",\"inLanguage\":\"fr-FR\",\"@id\":\"https:\/\/acsimultimedia.fr\/#\/schema\/logo\/image\/\",\"url\":\"https:\/\/acsimultimedia.fr\/wp-content\/uploads\/2022\/11\/cropped-ACSIM.png\",\"contentUrl\":\"https:\/\/acsimultimedia.fr\/wp-content\/uploads\/2022\/11\/cropped-ACSIM.png\",\"width\":960,\"height\":266,\"caption\":\"ACSI Multimedia : informatique, r\u00e9seaux et s\u00e9curit\u00e9\"},\"image\":{\"@id\":\"https:\/\/acsimultimedia.fr\/#\/schema\/logo\/image\/\"}}]}<\/script>\n<!-- \/ Yoast SEO plugin. -->","yoast_head_json":{"title":"Mat\u00e9riel en vente - ACSI Multimedia : informatique, r\u00e9seaux et s\u00e9curit\u00e9","robots":{"index":"index","follow":"follow","max-snippet":"max-snippet:-1","max-image-preview":"max-image-preview:large","max-video-preview":"max-video-preview:-1"},"canonical":"https:\/\/acsimultimedia.fr\/index.php\/partenaires\/","og_locale":"fr_FR","og_type":"article","og_title":"Mat\u00e9riel en vente - ACSI Multimedia : informatique, r\u00e9seaux et s\u00e9curit\u00e9","og_description":"NOS PARTENAIRES Cisco Systems est une entreprise informatique am\u00e9ricaine sp\u00e9cialis\u00e9e, \u00e0 l\u2019origine, dans le mat\u00e9riel r\u00e9seau, et depuis 2009 dans les serveurs. Elle s\u2019est depuis largement diversifi\u00e9e dans les logiciels et notamment la cybers\u00e9curit\u00e9. CorelDRAW est une suite graphique d\u00e9velopp\u00e9e par l\u2019\u00e9diteur de logiciels Corel depuis 1989. \u00c0 l\u2019origine, il s\u2019agissait du logiciel de dessin &hellip; Mat\u00e9riel en vente Lire la suite\u00a0\u00bb","og_url":"https:\/\/acsimultimedia.fr\/index.php\/partenaires\/","og_site_name":"ACSI Multimedia : informatique, r\u00e9seaux et s\u00e9curit\u00e9","article_modified_time":"2023-01-19T17:20:08+00:00","twitter_card":"summary_large_image","twitter_misc":{"Dur\u00e9e de lecture estim\u00e9e":"2 minutes"},"schema":{"@context":"https:\/\/schema.org","@graph":[{"@type":"WebPage","@id":"https:\/\/acsimultimedia.fr\/index.php\/partenaires\/","url":"https:\/\/acsimultimedia.fr\/index.php\/partenaires\/","name":"Mat\u00e9riel en vente - ACSI Multimedia : informatique, r\u00e9seaux et s\u00e9curit\u00e9","isPartOf":{"@id":"https:\/\/acsimultimedia.fr\/#website"},"datePublished":"2022-11-19T08:55:52+00:00","dateModified":"2023-01-19T17:20:08+00:00","breadcrumb":{"@id":"https:\/\/acsimultimedia.fr\/index.php\/partenaires\/#breadcrumb"},"inLanguage":"fr-FR","potentialAction":[{"@type":"ReadAction","target":["https:\/\/acsimultimedia.fr\/index.php\/partenaires\/"]}]},{"@type":"BreadcrumbList","@id":"https:\/\/acsimultimedia.fr\/index.php\/partenaires\/#breadcrumb","itemListElement":[{"@type":"ListItem","position":1,"name":"Accueil","item":"https:\/\/acsimultimedia.fr\/"},{"@type":"ListItem","position":2,"name":"Mat\u00e9riel en vente"}]},{"@type":"WebSite","@id":"https:\/\/acsimultimedia.fr\/#website","url":"https:\/\/acsimultimedia.fr\/","name":"ACSI Multimedia : informatique, r\u00e9seaux et s\u00e9curit\u00e9","description":"Votre prestataire informatique et s\u00e9curit\u00e9 \u00e0 vos c\u00f4t\u00e9s depuis plus de 10 ans","publisher":{"@id":"https:\/\/acsimultimedia.fr\/#organization"},"potentialAction":[{"@type":"SearchAction","target":{"@type":"EntryPoint","urlTemplate":"https:\/\/acsimultimedia.fr\/?s={search_term_string}"},"query-input":"required name=search_term_string"}],"inLanguage":"fr-FR"},{"@type":"Organization","@id":"https:\/\/acsimultimedia.fr\/#organization","name":"ACSI Multimedia : informatique, r\u00e9seaux et s\u00e9curit\u00e9","url":"https:\/\/acsimultimedia.fr\/","logo":{"@type":"ImageObject","inLanguage":"fr-FR","@id":"https:\/\/acsimultimedia.fr\/#\/schema\/logo\/image\/","url":"https:\/\/acsimultimedia.fr\/wp-content\/uploads\/2022\/11\/cropped-ACSIM.png","contentUrl":"https:\/\/acsimultimedia.fr\/wp-content\/uploads\/2022\/11\/cropped-ACSIM.png","width":960,"height":266,"caption":"ACSI Multimedia : informatique, r\u00e9seaux et s\u00e9curit\u00e9"},"image":{"@id":"https:\/\/acsimultimedia.fr\/#\/schema\/logo\/image\/"}}]}},"_links":{"self":[{"href":"https:\/\/acsimultimedia.fr\/index.php\/wp-json\/wp\/v2\/pages\/204","targetHints":{"allow":["GET"]}}],"collection":[{"href":"https:\/\/acsimultimedia.fr\/index.php\/wp-json\/wp\/v2\/pages"}],"about":[{"href":"https:\/\/acsimultimedia.fr\/index.php\/wp-json\/wp\/v2\/types\/page"}],"author":[{"embeddable":true,"href":"https:\/\/acsimultimedia.fr\/index.php\/wp-json\/wp\/v2\/users\/1"}],"replies":[{"embeddable":true,"href":"https:\/\/acsimultimedia.fr\/index.php\/wp-json\/wp\/v2\/comments?post=204"}],"version-history":[{"count":27,"href":"https:\/\/acsimultimedia.fr\/index.php\/wp-json\/wp\/v2\/pages\/204\/revisions"}],"predecessor-version":[{"id":561,"href":"https:\/\/acsimultimedia.fr\/index.php\/wp-json\/wp\/v2\/pages\/204\/revisions\/561"}],"wp:attachment":[{"href":"https:\/\/acsimultimedia.fr\/index.php\/wp-json\/wp\/v2\/media?parent=204"}],"curies":[{"name":"wp","href":"https:\/\/api.w.org\/{rel}","templated":true}]}}