{"id":163,"date":"2022-11-10T21:08:59","date_gmt":"2022-11-10T20:08:59","guid":{"rendered":"http:\/\/acsimultimedia.fr\/acsimultimedia.fr\/?page_id=163"},"modified":"2023-01-19T18:17:50","modified_gmt":"2023-01-19T17:17:50","slug":"controle-dacces","status":"publish","type":"page","link":"https:\/\/acsimultimedia.fr\/index.php\/controle-dacces\/","title":{"rendered":"Contr\u00f4le d&rsquo;acc\u00e8s"},"content":{"rendered":"\t\t<div data-elementor-type=\"wp-page\" data-elementor-id=\"163\" class=\"elementor elementor-163\">\n\t\t\t\t\t\t\t\t\t<section class=\"elementor-section elementor-top-section elementor-element elementor-element-6a9d3d50 elementor-section-content-middle elementor-section-boxed elementor-section-height-default elementor-section-height-default\" data-id=\"6a9d3d50\" data-element_type=\"section\" data-settings=\"{&quot;background_background&quot;:&quot;classic&quot;}\">\n\t\t\t\t\t\t\t<div class=\"elementor-background-overlay\"><\/div>\n\t\t\t\t\t\t\t<div class=\"elementor-container elementor-column-gap-no\">\n\t\t\t\t\t<div class=\"elementor-column elementor-col-50 elementor-top-column elementor-element elementor-element-472c9076\" data-id=\"472c9076\" data-element_type=\"column\">\n\t\t\t<div class=\"elementor-widget-wrap elementor-element-populated\">\n\t\t\t\t\t\t\t\t<div class=\"elementor-element elementor-element-2099030e elementor-widget elementor-widget-heading\" data-id=\"2099030e\" data-element_type=\"widget\" data-widget_type=\"heading.default\">\n\t\t\t\t<div class=\"elementor-widget-container\">\n\t\t\t<style>\/*! elementor - v3.9.1 - 14-12-2022 *\/\n.elementor-heading-title{padding:0;margin:0;line-height:1}.elementor-widget-heading .elementor-heading-title[class*=elementor-size-]>a{color:inherit;font-size:inherit;line-height:inherit}.elementor-widget-heading .elementor-heading-title.elementor-size-small{font-size:15px}.elementor-widget-heading .elementor-heading-title.elementor-size-medium{font-size:19px}.elementor-widget-heading .elementor-heading-title.elementor-size-large{font-size:29px}.elementor-widget-heading .elementor-heading-title.elementor-size-xl{font-size:39px}.elementor-widget-heading .elementor-heading-title.elementor-size-xxl{font-size:59px}<\/style><h3 class=\"elementor-heading-title elementor-size-default\">Contr\u00f4le d'acc\u00e8s<\/h3>\t\t<\/div>\n\t\t\t\t<\/div>\n\t\t\t\t<div class=\"elementor-element elementor-element-59d5c2a5 elementor-widget-divider--view-line elementor-widget elementor-widget-divider\" data-id=\"59d5c2a5\" data-element_type=\"widget\" data-widget_type=\"divider.default\">\n\t\t\t\t<div class=\"elementor-widget-container\">\n\t\t\t<style>\/*! elementor - v3.9.1 - 14-12-2022 *\/\n.elementor-widget-divider{--divider-border-style:none;--divider-border-width:1px;--divider-color:#2c2c2c;--divider-icon-size:20px;--divider-element-spacing:10px;--divider-pattern-height:24px;--divider-pattern-size:20px;--divider-pattern-url:none;--divider-pattern-repeat:repeat-x}.elementor-widget-divider .elementor-divider{display:flex}.elementor-widget-divider .elementor-divider__text{font-size:15px;line-height:1;max-width:95%}.elementor-widget-divider .elementor-divider__element{margin:0 var(--divider-element-spacing);flex-shrink:0}.elementor-widget-divider .elementor-icon{font-size:var(--divider-icon-size)}.elementor-widget-divider .elementor-divider-separator{display:flex;margin:0;direction:ltr}.elementor-widget-divider--view-line_icon .elementor-divider-separator,.elementor-widget-divider--view-line_text .elementor-divider-separator{align-items:center}.elementor-widget-divider--view-line_icon .elementor-divider-separator:after,.elementor-widget-divider--view-line_icon .elementor-divider-separator:before,.elementor-widget-divider--view-line_text .elementor-divider-separator:after,.elementor-widget-divider--view-line_text .elementor-divider-separator:before{display:block;content:\"\";border-bottom:0;flex-grow:1;border-top:var(--divider-border-width) var(--divider-border-style) var(--divider-color)}.elementor-widget-divider--element-align-left .elementor-divider .elementor-divider-separator>.elementor-divider__svg:first-of-type{flex-grow:0;flex-shrink:100}.elementor-widget-divider--element-align-left .elementor-divider-separator:before{content:none}.elementor-widget-divider--element-align-left .elementor-divider__element{margin-left:0}.elementor-widget-divider--element-align-right .elementor-divider .elementor-divider-separator>.elementor-divider__svg:last-of-type{flex-grow:0;flex-shrink:100}.elementor-widget-divider--element-align-right .elementor-divider-separator:after{content:none}.elementor-widget-divider--element-align-right .elementor-divider__element{margin-right:0}.elementor-widget-divider:not(.elementor-widget-divider--view-line_text):not(.elementor-widget-divider--view-line_icon) .elementor-divider-separator{border-top:var(--divider-border-width) var(--divider-border-style) var(--divider-color)}.elementor-widget-divider--separator-type-pattern{--divider-border-style:none}.elementor-widget-divider--separator-type-pattern.elementor-widget-divider--view-line .elementor-divider-separator,.elementor-widget-divider--separator-type-pattern:not(.elementor-widget-divider--view-line) .elementor-divider-separator:after,.elementor-widget-divider--separator-type-pattern:not(.elementor-widget-divider--view-line) .elementor-divider-separator:before,.elementor-widget-divider--separator-type-pattern:not([class*=elementor-widget-divider--view]) .elementor-divider-separator{width:100%;min-height:var(--divider-pattern-height);-webkit-mask-size:var(--divider-pattern-size) 100%;mask-size:var(--divider-pattern-size) 100%;-webkit-mask-repeat:var(--divider-pattern-repeat);mask-repeat:var(--divider-pattern-repeat);background-color:var(--divider-color);-webkit-mask-image:var(--divider-pattern-url);mask-image:var(--divider-pattern-url)}.elementor-widget-divider--no-spacing{--divider-pattern-size:auto}.elementor-widget-divider--bg-round{--divider-pattern-repeat:round}.rtl .elementor-widget-divider .elementor-divider__text{direction:rtl}.e-con-inner>.elementor-widget-divider,.e-con>.elementor-widget-divider{width:var(--container-widget-width);--flex-grow:var(--container-widget-flex-grow)}<\/style>\t\t<div class=\"elementor-divider\">\n\t\t\t<span class=\"elementor-divider-separator\">\n\t\t\t\t\t\t<\/span>\n\t\t<\/div>\n\t\t\t\t<\/div>\n\t\t\t\t<\/div>\n\t\t\t\t<div class=\"elementor-element elementor-element-3aa8f7bc elementor-widget elementor-widget-text-editor\" data-id=\"3aa8f7bc\" data-element_type=\"widget\" data-widget_type=\"text-editor.default\">\n\t\t\t\t<div class=\"elementor-widget-container\">\n\t\t\t<style>\/*! elementor - v3.9.1 - 14-12-2022 *\/\n.elementor-widget-text-editor.elementor-drop-cap-view-stacked .elementor-drop-cap{background-color:#818a91;color:#fff}.elementor-widget-text-editor.elementor-drop-cap-view-framed .elementor-drop-cap{color:#818a91;border:3px solid;background-color:transparent}.elementor-widget-text-editor:not(.elementor-drop-cap-view-default) .elementor-drop-cap{margin-top:8px}.elementor-widget-text-editor:not(.elementor-drop-cap-view-default) .elementor-drop-cap-letter{width:1em;height:1em}.elementor-widget-text-editor .elementor-drop-cap{float:left;text-align:center;line-height:1;font-size:50px}.elementor-widget-text-editor .elementor-drop-cap-letter{display:inline-block}<\/style>\t\t\t\t<p><span style=\"color: #ffffff;\"><em>Le syst\u00e8me de contr\u00f4le d\u2019acc\u00e8s permet de d\u00e9finir et d&rsquo;organiser l&rsquo;acc\u00e8s aux zones de votre entreprise selon les besoins et les risques. Un syst\u00e8me de contr\u00f4le d\u2019acc\u00e8s permet de cr\u00e9er, d\u00e9sactiver, modifier en un clic les droits d\u2019acc\u00e8s des collaborateurs et visiteurs.<\/em><\/span><\/p>\t\t\t\t\t\t<\/div>\n\t\t\t\t<\/div>\n\t\t\t\t\t<\/div>\n\t\t<\/div>\n\t\t\t\t<div class=\"elementor-column elementor-col-50 elementor-top-column elementor-element elementor-element-6eaf697a\" data-id=\"6eaf697a\" data-element_type=\"column\">\n\t\t\t<div class=\"elementor-widget-wrap elementor-element-populated\">\n\t\t\t\t\t\t\t\t<div class=\"elementor-element elementor-element-63e4b385 elementor-view-default elementor-vertical-align-top elementor-widget elementor-widget-icon-box\" data-id=\"63e4b385\" data-element_type=\"widget\" data-widget_type=\"icon-box.default\">\n\t\t\t\t<div class=\"elementor-widget-container\">\n\t\t\t<link rel=\"stylesheet\" href=\"https:\/\/acsimultimedia.fr\/wp-content\/plugins\/elementor\/assets\/css\/widget-icon-box.min.css\">\t\t<div class=\"elementor-icon-box-wrapper\">\n\t\t\t\t\t\t<div class=\"elementor-icon-box-content\">\n\t\t\t\t<h3 class=\"elementor-icon-box-title\">\n\t\t\t\t\t<span  >\n\t\t\t\t\t\tContr\u00f4ler les flux\t\t\t\t\t<\/span>\n\t\t\t\t<\/h3>\n\t\t\t\t\t\t\t<\/div>\n\t\t<\/div>\n\t\t\t\t<\/div>\n\t\t\t\t<\/div>\n\t\t\t\t<div class=\"elementor-element elementor-element-19d27f40 elementor-widget elementor-widget-text-editor\" data-id=\"19d27f40\" data-element_type=\"widget\" data-widget_type=\"text-editor.default\">\n\t\t\t\t<div class=\"elementor-widget-container\">\n\t\t\t\t\t\t\t<h5><span style=\"color: #ffffff;\">Le syst\u00e8me de contr\u00f4le d&rsquo;acc\u00e8s d\u00e9finit des droits d\u2019acc\u00e8s selon les jours, horaires et zones. Il&nbsp;<\/span><span style=\"color: #ffffff;\">enregistre tous les passages dans un registre \u00e9lectronique et&nbsp;<\/span><span style=\"color: #ffffff;\">permet des ouvertures automatiques et sans contact (reconnaissance faciale, badge de proximit\u00e9, etc) ce qui constitue un avantage logistique et sanitaire.<\/span>&nbsp;<\/h5>\n<div><span style=\"color: #ffffff;\">&nbsp;<\/span><\/div>\n<div><span style=\"color: #ffffff;\">&nbsp;<\/span><\/div>\t\t\t\t\t\t<\/div>\n\t\t\t\t<\/div>\n\t\t\t\t<div class=\"elementor-element elementor-element-62f78be elementor-widget elementor-widget-eael-creative-button\" data-id=\"62f78be\" data-element_type=\"widget\" data-widget_type=\"eael-creative-button.default\">\n\t\t\t\t<div class=\"elementor-widget-container\">\n\t\t\t        <div class=\"eael-creative-button-wrapper\">\n\n            <a class=\"eael-creative-button eael-creative-button--default\" href=\"mailto:info@acsimultimedia.fr\" data-text=\"Go!\">\n\n\t    \n                <div class=\"creative-button-inner\">\n\n                                            <span class=\"eael-creative-button-icon-left\"><i aria-hidden=\"true\" class=\"far fa-check-circle\"><\/i><\/span>                    \n                    <span class=\"cretive-button-text\">Demande de devis<\/span>\n\n                                    <\/div>\n\t                        <\/a>\n        <\/div>\n\t\t<\/div>\n\t\t\t\t<\/div>\n\t\t\t\t\t<\/div>\n\t\t<\/div>\n\t\t\t\t\t\t\t<\/div>\n\t\t<\/section>\n\t\t\t\t\t\t\t<\/div>\n\t\t","protected":false},"excerpt":{"rendered":"<p>Contr\u00f4le d&rsquo;acc\u00e8s Le syst\u00e8me de contr\u00f4le d\u2019acc\u00e8s permet de d\u00e9finir et d&rsquo;organiser l&rsquo;acc\u00e8s aux zones de votre entreprise selon les besoins et les risques. Un syst\u00e8me de contr\u00f4le d\u2019acc\u00e8s permet de cr\u00e9er, d\u00e9sactiver, modifier en un clic les droits d\u2019acc\u00e8s des collaborateurs et visiteurs. Contr\u00f4ler les flux Le syst\u00e8me de contr\u00f4le d&rsquo;acc\u00e8s d\u00e9finit des droits &hellip;<\/p>\n<p class=\"read-more\"> <a class=\"\" href=\"https:\/\/acsimultimedia.fr\/index.php\/controle-dacces\/\"> <span class=\"screen-reader-text\">Contr\u00f4le d&rsquo;acc\u00e8s<\/span> Lire la suite\u00a0\u00bb<\/a><\/p>\n","protected":false},"author":1,"featured_media":0,"parent":0,"menu_order":0,"comment_status":"closed","ping_status":"closed","template":"","meta":{"_mi_skip_tracking":false,"site-sidebar-layout":"no-sidebar","site-content-layout":"page-builder","ast-global-header-display":"","ast-main-header-display":"","ast-hfb-above-header-display":"","ast-hfb-below-header-display":"","ast-hfb-mobile-header-display":"","site-post-title":"disabled","ast-breadcrumbs-content":"","ast-featured-img":"disabled","footer-sml-layout":"","theme-transparent-header-meta":"","adv-header-id-meta":"","stick-header-meta":"","header-above-stick-meta":"","header-main-stick-meta":"","header-below-stick-meta":"","footnotes":""},"class_list":["post-163","page","type-page","status-publish","hentry"],"yoast_head":"<!-- This site is optimized with the Yoast SEO plugin v19.12 - https:\/\/yoast.com\/wordpress\/plugins\/seo\/ -->\n<title>Contr\u00f4le d&#039;acc\u00e8s - ACSI Multimedia : informatique, r\u00e9seaux et s\u00e9curit\u00e9<\/title>\n<meta name=\"description\" content=\"Le syst\u00e8me de contr\u00f4le d\u2019acc\u00e8s permet de d\u00e9finir et d\u2019organiser l\u2019acc\u00e8s aux zones de votre entreprise selon les besoins et les risques. Un syst\u00e8me de contr\u00f4le d\u2019acc\u00e8s permet de cr\u00e9er, d\u00e9sactiver, modifier en un clic les droits d\u2019acc\u00e8s des collaborateurs et visiteurs.\" \/>\n<meta name=\"robots\" content=\"index, follow, max-snippet:-1, max-image-preview:large, max-video-preview:-1\" \/>\n<link rel=\"canonical\" href=\"https:\/\/acsimultimedia.fr\/index.php\/controle-dacces\/\" \/>\n<meta property=\"og:locale\" content=\"fr_FR\" \/>\n<meta property=\"og:type\" content=\"article\" \/>\n<meta property=\"og:title\" content=\"Contr\u00f4le d&#039;acc\u00e8s - ACSI Multimedia : informatique, r\u00e9seaux et s\u00e9curit\u00e9\" \/>\n<meta property=\"og:description\" content=\"Le syst\u00e8me de contr\u00f4le d\u2019acc\u00e8s permet de d\u00e9finir et d\u2019organiser l\u2019acc\u00e8s aux zones de votre entreprise selon les besoins et les risques. Un syst\u00e8me de contr\u00f4le d\u2019acc\u00e8s permet de cr\u00e9er, d\u00e9sactiver, modifier en un clic les droits d\u2019acc\u00e8s des collaborateurs et visiteurs.\" \/>\n<meta property=\"og:url\" content=\"https:\/\/acsimultimedia.fr\/index.php\/controle-dacces\/\" \/>\n<meta property=\"og:site_name\" content=\"ACSI Multimedia : informatique, r\u00e9seaux et s\u00e9curit\u00e9\" \/>\n<meta property=\"article:modified_time\" content=\"2023-01-19T17:17:50+00:00\" \/>\n<meta name=\"twitter:card\" content=\"summary_large_image\" \/>\n<meta name=\"twitter:label1\" content=\"Dur\u00e9e de lecture estim\u00e9e\" \/>\n\t<meta name=\"twitter:data1\" content=\"1 minute\" \/>\n<script type=\"application\/ld+json\" class=\"yoast-schema-graph\">{\"@context\":\"https:\/\/schema.org\",\"@graph\":[{\"@type\":\"WebPage\",\"@id\":\"https:\/\/acsimultimedia.fr\/index.php\/controle-dacces\/\",\"url\":\"https:\/\/acsimultimedia.fr\/index.php\/controle-dacces\/\",\"name\":\"Contr\u00f4le d'acc\u00e8s - ACSI Multimedia : informatique, r\u00e9seaux et s\u00e9curit\u00e9\",\"isPartOf\":{\"@id\":\"https:\/\/acsimultimedia.fr\/#website\"},\"datePublished\":\"2022-11-10T20:08:59+00:00\",\"dateModified\":\"2023-01-19T17:17:50+00:00\",\"description\":\"Le syst\u00e8me de contr\u00f4le d\u2019acc\u00e8s permet de d\u00e9finir et d\u2019organiser l\u2019acc\u00e8s aux zones de votre entreprise selon les besoins et les risques. Un syst\u00e8me de contr\u00f4le d\u2019acc\u00e8s permet de cr\u00e9er, d\u00e9sactiver, modifier en un clic les droits d\u2019acc\u00e8s des collaborateurs et visiteurs.\",\"breadcrumb\":{\"@id\":\"https:\/\/acsimultimedia.fr\/index.php\/controle-dacces\/#breadcrumb\"},\"inLanguage\":\"fr-FR\",\"potentialAction\":[{\"@type\":\"ReadAction\",\"target\":[\"https:\/\/acsimultimedia.fr\/index.php\/controle-dacces\/\"]}]},{\"@type\":\"BreadcrumbList\",\"@id\":\"https:\/\/acsimultimedia.fr\/index.php\/controle-dacces\/#breadcrumb\",\"itemListElement\":[{\"@type\":\"ListItem\",\"position\":1,\"name\":\"Accueil\",\"item\":\"https:\/\/acsimultimedia.fr\/\"},{\"@type\":\"ListItem\",\"position\":2,\"name\":\"Contr\u00f4le d&rsquo;acc\u00e8s\"}]},{\"@type\":\"WebSite\",\"@id\":\"https:\/\/acsimultimedia.fr\/#website\",\"url\":\"https:\/\/acsimultimedia.fr\/\",\"name\":\"ACSI Multimedia : informatique, r\u00e9seaux et s\u00e9curit\u00e9\",\"description\":\"Votre prestataire informatique et s\u00e9curit\u00e9 \u00e0 vos c\u00f4t\u00e9s depuis plus de 10 ans\",\"publisher\":{\"@id\":\"https:\/\/acsimultimedia.fr\/#organization\"},\"potentialAction\":[{\"@type\":\"SearchAction\",\"target\":{\"@type\":\"EntryPoint\",\"urlTemplate\":\"https:\/\/acsimultimedia.fr\/?s={search_term_string}\"},\"query-input\":\"required name=search_term_string\"}],\"inLanguage\":\"fr-FR\"},{\"@type\":\"Organization\",\"@id\":\"https:\/\/acsimultimedia.fr\/#organization\",\"name\":\"ACSI Multimedia : informatique, r\u00e9seaux et s\u00e9curit\u00e9\",\"url\":\"https:\/\/acsimultimedia.fr\/\",\"logo\":{\"@type\":\"ImageObject\",\"inLanguage\":\"fr-FR\",\"@id\":\"https:\/\/acsimultimedia.fr\/#\/schema\/logo\/image\/\",\"url\":\"https:\/\/acsimultimedia.fr\/wp-content\/uploads\/2022\/11\/cropped-ACSIM.png\",\"contentUrl\":\"https:\/\/acsimultimedia.fr\/wp-content\/uploads\/2022\/11\/cropped-ACSIM.png\",\"width\":960,\"height\":266,\"caption\":\"ACSI Multimedia : informatique, r\u00e9seaux et s\u00e9curit\u00e9\"},\"image\":{\"@id\":\"https:\/\/acsimultimedia.fr\/#\/schema\/logo\/image\/\"}}]}<\/script>\n<!-- \/ Yoast SEO plugin. -->","yoast_head_json":{"title":"Contr\u00f4le d'acc\u00e8s - ACSI Multimedia : informatique, r\u00e9seaux et s\u00e9curit\u00e9","description":"Le syst\u00e8me de contr\u00f4le d\u2019acc\u00e8s permet de d\u00e9finir et d\u2019organiser l\u2019acc\u00e8s aux zones de votre entreprise selon les besoins et les risques. Un syst\u00e8me de contr\u00f4le d\u2019acc\u00e8s permet de cr\u00e9er, d\u00e9sactiver, modifier en un clic les droits d\u2019acc\u00e8s des collaborateurs et visiteurs.","robots":{"index":"index","follow":"follow","max-snippet":"max-snippet:-1","max-image-preview":"max-image-preview:large","max-video-preview":"max-video-preview:-1"},"canonical":"https:\/\/acsimultimedia.fr\/index.php\/controle-dacces\/","og_locale":"fr_FR","og_type":"article","og_title":"Contr\u00f4le d'acc\u00e8s - ACSI Multimedia : informatique, r\u00e9seaux et s\u00e9curit\u00e9","og_description":"Le syst\u00e8me de contr\u00f4le d\u2019acc\u00e8s permet de d\u00e9finir et d\u2019organiser l\u2019acc\u00e8s aux zones de votre entreprise selon les besoins et les risques. Un syst\u00e8me de contr\u00f4le d\u2019acc\u00e8s permet de cr\u00e9er, d\u00e9sactiver, modifier en un clic les droits d\u2019acc\u00e8s des collaborateurs et visiteurs.","og_url":"https:\/\/acsimultimedia.fr\/index.php\/controle-dacces\/","og_site_name":"ACSI Multimedia : informatique, r\u00e9seaux et s\u00e9curit\u00e9","article_modified_time":"2023-01-19T17:17:50+00:00","twitter_card":"summary_large_image","twitter_misc":{"Dur\u00e9e de lecture estim\u00e9e":"1 minute"},"schema":{"@context":"https:\/\/schema.org","@graph":[{"@type":"WebPage","@id":"https:\/\/acsimultimedia.fr\/index.php\/controle-dacces\/","url":"https:\/\/acsimultimedia.fr\/index.php\/controle-dacces\/","name":"Contr\u00f4le d'acc\u00e8s - ACSI Multimedia : informatique, r\u00e9seaux et s\u00e9curit\u00e9","isPartOf":{"@id":"https:\/\/acsimultimedia.fr\/#website"},"datePublished":"2022-11-10T20:08:59+00:00","dateModified":"2023-01-19T17:17:50+00:00","description":"Le syst\u00e8me de contr\u00f4le d\u2019acc\u00e8s permet de d\u00e9finir et d\u2019organiser l\u2019acc\u00e8s aux zones de votre entreprise selon les besoins et les risques. Un syst\u00e8me de contr\u00f4le d\u2019acc\u00e8s permet de cr\u00e9er, d\u00e9sactiver, modifier en un clic les droits d\u2019acc\u00e8s des collaborateurs et visiteurs.","breadcrumb":{"@id":"https:\/\/acsimultimedia.fr\/index.php\/controle-dacces\/#breadcrumb"},"inLanguage":"fr-FR","potentialAction":[{"@type":"ReadAction","target":["https:\/\/acsimultimedia.fr\/index.php\/controle-dacces\/"]}]},{"@type":"BreadcrumbList","@id":"https:\/\/acsimultimedia.fr\/index.php\/controle-dacces\/#breadcrumb","itemListElement":[{"@type":"ListItem","position":1,"name":"Accueil","item":"https:\/\/acsimultimedia.fr\/"},{"@type":"ListItem","position":2,"name":"Contr\u00f4le d&rsquo;acc\u00e8s"}]},{"@type":"WebSite","@id":"https:\/\/acsimultimedia.fr\/#website","url":"https:\/\/acsimultimedia.fr\/","name":"ACSI Multimedia : informatique, r\u00e9seaux et s\u00e9curit\u00e9","description":"Votre prestataire informatique et s\u00e9curit\u00e9 \u00e0 vos c\u00f4t\u00e9s depuis plus de 10 ans","publisher":{"@id":"https:\/\/acsimultimedia.fr\/#organization"},"potentialAction":[{"@type":"SearchAction","target":{"@type":"EntryPoint","urlTemplate":"https:\/\/acsimultimedia.fr\/?s={search_term_string}"},"query-input":"required name=search_term_string"}],"inLanguage":"fr-FR"},{"@type":"Organization","@id":"https:\/\/acsimultimedia.fr\/#organization","name":"ACSI Multimedia : informatique, r\u00e9seaux et s\u00e9curit\u00e9","url":"https:\/\/acsimultimedia.fr\/","logo":{"@type":"ImageObject","inLanguage":"fr-FR","@id":"https:\/\/acsimultimedia.fr\/#\/schema\/logo\/image\/","url":"https:\/\/acsimultimedia.fr\/wp-content\/uploads\/2022\/11\/cropped-ACSIM.png","contentUrl":"https:\/\/acsimultimedia.fr\/wp-content\/uploads\/2022\/11\/cropped-ACSIM.png","width":960,"height":266,"caption":"ACSI Multimedia : informatique, r\u00e9seaux et s\u00e9curit\u00e9"},"image":{"@id":"https:\/\/acsimultimedia.fr\/#\/schema\/logo\/image\/"}}]}},"_links":{"self":[{"href":"https:\/\/acsimultimedia.fr\/index.php\/wp-json\/wp\/v2\/pages\/163","targetHints":{"allow":["GET"]}}],"collection":[{"href":"https:\/\/acsimultimedia.fr\/index.php\/wp-json\/wp\/v2\/pages"}],"about":[{"href":"https:\/\/acsimultimedia.fr\/index.php\/wp-json\/wp\/v2\/types\/page"}],"author":[{"embeddable":true,"href":"https:\/\/acsimultimedia.fr\/index.php\/wp-json\/wp\/v2\/users\/1"}],"replies":[{"embeddable":true,"href":"https:\/\/acsimultimedia.fr\/index.php\/wp-json\/wp\/v2\/comments?post=163"}],"version-history":[{"count":23,"href":"https:\/\/acsimultimedia.fr\/index.php\/wp-json\/wp\/v2\/pages\/163\/revisions"}],"predecessor-version":[{"id":559,"href":"https:\/\/acsimultimedia.fr\/index.php\/wp-json\/wp\/v2\/pages\/163\/revisions\/559"}],"wp:attachment":[{"href":"https:\/\/acsimultimedia.fr\/index.php\/wp-json\/wp\/v2\/media?parent=163"}],"curies":[{"name":"wp","href":"https:\/\/api.w.org\/{rel}","templated":true}]}}