{"id":16,"date":"2022-11-05T16:44:02","date_gmt":"2022-11-05T15:44:02","guid":{"rendered":"http:\/\/acsimultimedia.fr\/acsimultimedia.fr\/?page_id=16"},"modified":"2022-12-17T17:42:43","modified_gmt":"2022-12-17T16:42:43","slug":"a-propos","status":"publish","type":"page","link":"https:\/\/acsimultimedia.fr\/index.php\/a-propos\/","title":{"rendered":"A propos"},"content":{"rendered":"\t\t<div data-elementor-type=\"wp-page\" data-elementor-id=\"16\" class=\"elementor elementor-16\">\n\t\t\t\t\t\t\t\t\t<section class=\"elementor-section elementor-top-section elementor-element elementor-element-92db4fc elementor-section-content-middle elementor-section-boxed elementor-section-height-default elementor-section-height-default\" data-id=\"92db4fc\" data-element_type=\"section\" data-settings=\"{&quot;background_background&quot;:&quot;classic&quot;}\">\n\t\t\t\t\t\t<div class=\"elementor-container elementor-column-gap-no\">\n\t\t\t\t\t<div class=\"elementor-column elementor-col-50 elementor-top-column elementor-element elementor-element-227090ec\" data-id=\"227090ec\" data-element_type=\"column\">\n\t\t\t<div class=\"elementor-widget-wrap elementor-element-populated\">\n\t\t\t\t\t\t\t\t<div class=\"elementor-element elementor-element-176ff550 elementor-widget-divider--view-line elementor-widget elementor-widget-divider\" data-id=\"176ff550\" data-element_type=\"widget\" data-widget_type=\"divider.default\">\n\t\t\t\t<div class=\"elementor-widget-container\">\n\t\t\t<style>\/*! elementor - v3.9.1 - 14-12-2022 *\/\n.elementor-widget-divider{--divider-border-style:none;--divider-border-width:1px;--divider-color:#2c2c2c;--divider-icon-size:20px;--divider-element-spacing:10px;--divider-pattern-height:24px;--divider-pattern-size:20px;--divider-pattern-url:none;--divider-pattern-repeat:repeat-x}.elementor-widget-divider .elementor-divider{display:flex}.elementor-widget-divider .elementor-divider__text{font-size:15px;line-height:1;max-width:95%}.elementor-widget-divider .elementor-divider__element{margin:0 var(--divider-element-spacing);flex-shrink:0}.elementor-widget-divider .elementor-icon{font-size:var(--divider-icon-size)}.elementor-widget-divider .elementor-divider-separator{display:flex;margin:0;direction:ltr}.elementor-widget-divider--view-line_icon .elementor-divider-separator,.elementor-widget-divider--view-line_text .elementor-divider-separator{align-items:center}.elementor-widget-divider--view-line_icon .elementor-divider-separator:after,.elementor-widget-divider--view-line_icon .elementor-divider-separator:before,.elementor-widget-divider--view-line_text .elementor-divider-separator:after,.elementor-widget-divider--view-line_text .elementor-divider-separator:before{display:block;content:\"\";border-bottom:0;flex-grow:1;border-top:var(--divider-border-width) var(--divider-border-style) var(--divider-color)}.elementor-widget-divider--element-align-left .elementor-divider .elementor-divider-separator>.elementor-divider__svg:first-of-type{flex-grow:0;flex-shrink:100}.elementor-widget-divider--element-align-left .elementor-divider-separator:before{content:none}.elementor-widget-divider--element-align-left .elementor-divider__element{margin-left:0}.elementor-widget-divider--element-align-right .elementor-divider .elementor-divider-separator>.elementor-divider__svg:last-of-type{flex-grow:0;flex-shrink:100}.elementor-widget-divider--element-align-right .elementor-divider-separator:after{content:none}.elementor-widget-divider--element-align-right .elementor-divider__element{margin-right:0}.elementor-widget-divider:not(.elementor-widget-divider--view-line_text):not(.elementor-widget-divider--view-line_icon) .elementor-divider-separator{border-top:var(--divider-border-width) var(--divider-border-style) var(--divider-color)}.elementor-widget-divider--separator-type-pattern{--divider-border-style:none}.elementor-widget-divider--separator-type-pattern.elementor-widget-divider--view-line .elementor-divider-separator,.elementor-widget-divider--separator-type-pattern:not(.elementor-widget-divider--view-line) .elementor-divider-separator:after,.elementor-widget-divider--separator-type-pattern:not(.elementor-widget-divider--view-line) .elementor-divider-separator:before,.elementor-widget-divider--separator-type-pattern:not([class*=elementor-widget-divider--view]) .elementor-divider-separator{width:100%;min-height:var(--divider-pattern-height);-webkit-mask-size:var(--divider-pattern-size) 100%;mask-size:var(--divider-pattern-size) 100%;-webkit-mask-repeat:var(--divider-pattern-repeat);mask-repeat:var(--divider-pattern-repeat);background-color:var(--divider-color);-webkit-mask-image:var(--divider-pattern-url);mask-image:var(--divider-pattern-url)}.elementor-widget-divider--no-spacing{--divider-pattern-size:auto}.elementor-widget-divider--bg-round{--divider-pattern-repeat:round}.rtl .elementor-widget-divider .elementor-divider__text{direction:rtl}.e-con-inner>.elementor-widget-divider,.e-con>.elementor-widget-divider{width:var(--container-widget-width);--flex-grow:var(--container-widget-flex-grow)}<\/style>\t\t<div class=\"elementor-divider\">\n\t\t\t<span class=\"elementor-divider-separator\">\n\t\t\t\t\t\t<\/span>\n\t\t<\/div>\n\t\t\t\t<\/div>\n\t\t\t\t<\/div>\n\t\t\t\t<div class=\"elementor-element elementor-element-1517bb8 elementor-widget elementor-widget-heading\" data-id=\"1517bb8\" data-element_type=\"widget\" data-widget_type=\"heading.default\">\n\t\t\t\t<div class=\"elementor-widget-container\">\n\t\t\t<style>\/*! elementor - v3.9.1 - 14-12-2022 *\/\n.elementor-heading-title{padding:0;margin:0;line-height:1}.elementor-widget-heading .elementor-heading-title[class*=elementor-size-]>a{color:inherit;font-size:inherit;line-height:inherit}.elementor-widget-heading .elementor-heading-title.elementor-size-small{font-size:15px}.elementor-widget-heading .elementor-heading-title.elementor-size-medium{font-size:19px}.elementor-widget-heading .elementor-heading-title.elementor-size-large{font-size:29px}.elementor-widget-heading .elementor-heading-title.elementor-size-xl{font-size:39px}.elementor-widget-heading .elementor-heading-title.elementor-size-xxl{font-size:59px}<\/style><h4 class=\"elementor-heading-title elementor-size-default\">A propos<\/h4>\t\t<\/div>\n\t\t\t\t<\/div>\n\t\t\t\t\t<\/div>\n\t\t<\/div>\n\t\t\t\t<div class=\"elementor-column elementor-col-50 elementor-top-column elementor-element elementor-element-26dc9f6e\" data-id=\"26dc9f6e\" data-element_type=\"column\">\n\t\t\t<div class=\"elementor-widget-wrap elementor-element-populated\">\n\t\t\t\t\t\t\t\t<div class=\"elementor-element elementor-element-4e58afca elementor-widget elementor-widget-text-editor\" data-id=\"4e58afca\" data-element_type=\"widget\" data-widget_type=\"text-editor.default\">\n\t\t\t\t<div class=\"elementor-widget-container\">\n\t\t\t<style>\/*! elementor - v3.9.1 - 14-12-2022 *\/\n.elementor-widget-text-editor.elementor-drop-cap-view-stacked .elementor-drop-cap{background-color:#818a91;color:#fff}.elementor-widget-text-editor.elementor-drop-cap-view-framed .elementor-drop-cap{color:#818a91;border:3px solid;background-color:transparent}.elementor-widget-text-editor:not(.elementor-drop-cap-view-default) .elementor-drop-cap{margin-top:8px}.elementor-widget-text-editor:not(.elementor-drop-cap-view-default) .elementor-drop-cap-letter{width:1em;height:1em}.elementor-widget-text-editor .elementor-drop-cap{float:left;text-align:center;line-height:1;font-size:50px}.elementor-widget-text-editor .elementor-drop-cap-letter{display:inline-block}<\/style>\t\t\t\t<h4 style=\"text-align: left;\"><span style=\"color: #ffffff;\">ACSI Multimedia a \u00e9t\u00e9 cr\u00e9\u00e9e en 2012. Principalement centr\u00e9e sur le p\u00f4le web \u00e0 ses d\u00e9buts, elle cherchait \u00e0 r\u00e9pondre au besoin de pr\u00e9sence sur internet des TPE et PME.<\/span><\/h4><h4 style=\"text-align: left;\"><span style=\"color: #ffffff;\">Nous proposions la gestion de nom de domaine, d\u2019emails et la cr\u00e9ation de site vitrine simple en responsive design.<\/span><\/h4><h4 style=\"text-align: left;\"><span style=\"color: #ffffff;\">En 2013, nous \u00e9largissions notre gamme d\u2019offre avec une offre sur l\u2019identit\u00e9 graphique des soci\u00e9t\u00e9s, la cr\u00e9ation de logo et le d\u00e9veloppement de site e-commerce.<\/span><\/h4><h4 style=\"text-align: left;\"><span style=\"color: #ffffff;\">En 2015, afin de proposer \u00e0 nos clients un interlocuteur unique pour tout ce qui concerne l\u2019informatique nous avons d\u00e9velopp\u00e9 notre offre dans la gestion de parc informatique et vente de mat\u00e9riel.<\/span><\/h4><h4 style=\"text-align: left;\"><span style=\"color: #ffffff;\">D\u00e9but 2017, nous avons ouvert le p\u00f4le suret\u00e9 et domotique afin d\u2019enrichir notre gamme et valoriser notre savoir-faire.<\/span><\/h4>\t\t\t\t\t\t<\/div>\n\t\t\t\t<\/div>\n\t\t\t\t\t<\/div>\n\t\t<\/div>\n\t\t\t\t\t\t\t<\/div>\n\t\t<\/section>\n\t\t\t\t\t\t\t<\/div>\n\t\t","protected":false},"excerpt":{"rendered":"<p>A propos ACSI Multimedia a \u00e9t\u00e9 cr\u00e9\u00e9e en 2012. Principalement centr\u00e9e sur le p\u00f4le web \u00e0 ses d\u00e9buts, elle cherchait \u00e0 r\u00e9pondre au besoin de pr\u00e9sence sur internet des TPE et PME. Nous proposions la gestion de nom de domaine, d\u2019emails et la cr\u00e9ation de site vitrine simple en responsive design. En 2013, nous \u00e9largissions &hellip;<\/p>\n<p class=\"read-more\"> <a class=\"\" href=\"https:\/\/acsimultimedia.fr\/index.php\/a-propos\/\"> <span class=\"screen-reader-text\">A propos<\/span> Lire la suite\u00a0\u00bb<\/a><\/p>\n","protected":false},"author":1,"featured_media":0,"parent":0,"menu_order":0,"comment_status":"closed","ping_status":"closed","template":"","meta":{"_mi_skip_tracking":false,"site-sidebar-layout":"no-sidebar","site-content-layout":"page-builder","ast-global-header-display":"","ast-main-header-display":"","ast-hfb-above-header-display":"","ast-hfb-below-header-display":"","ast-hfb-mobile-header-display":"","site-post-title":"disabled","ast-breadcrumbs-content":"","ast-featured-img":"disabled","footer-sml-layout":"","theme-transparent-header-meta":"","adv-header-id-meta":"","stick-header-meta":"","header-above-stick-meta":"","header-main-stick-meta":"","header-below-stick-meta":"","footnotes":""},"class_list":["post-16","page","type-page","status-publish","hentry"],"yoast_head":"<!-- This site is optimized with the Yoast SEO plugin v19.12 - https:\/\/yoast.com\/wordpress\/plugins\/seo\/ -->\n<title>A propos - ACSI Multimedia : informatique, r\u00e9seaux et s\u00e9curit\u00e9<\/title>\n<meta name=\"robots\" content=\"index, follow, max-snippet:-1, max-image-preview:large, max-video-preview:-1\" \/>\n<link rel=\"canonical\" href=\"https:\/\/acsimultimedia.fr\/index.php\/a-propos\/\" \/>\n<meta property=\"og:locale\" content=\"fr_FR\" \/>\n<meta property=\"og:type\" content=\"article\" \/>\n<meta property=\"og:title\" content=\"A propos - ACSI Multimedia : informatique, r\u00e9seaux et s\u00e9curit\u00e9\" \/>\n<meta property=\"og:description\" content=\"A propos ACSI Multimedia a \u00e9t\u00e9 cr\u00e9\u00e9e en 2012. Principalement centr\u00e9e sur le p\u00f4le web \u00e0 ses d\u00e9buts, elle cherchait \u00e0 r\u00e9pondre au besoin de pr\u00e9sence sur internet des TPE et PME. Nous proposions la gestion de nom de domaine, d\u2019emails et la cr\u00e9ation de site vitrine simple en responsive design. En 2013, nous \u00e9largissions &hellip; A propos Lire la suite\u00a0\u00bb\" \/>\n<meta property=\"og:url\" content=\"https:\/\/acsimultimedia.fr\/index.php\/a-propos\/\" \/>\n<meta property=\"og:site_name\" content=\"ACSI Multimedia : informatique, r\u00e9seaux et s\u00e9curit\u00e9\" \/>\n<meta property=\"article:modified_time\" content=\"2022-12-17T16:42:43+00:00\" \/>\n<meta name=\"twitter:card\" content=\"summary_large_image\" \/>\n<meta name=\"twitter:label1\" content=\"Dur\u00e9e de lecture estim\u00e9e\" \/>\n\t<meta name=\"twitter:data1\" content=\"1 minute\" \/>\n<script type=\"application\/ld+json\" class=\"yoast-schema-graph\">{\"@context\":\"https:\/\/schema.org\",\"@graph\":[{\"@type\":\"WebPage\",\"@id\":\"https:\/\/acsimultimedia.fr\/index.php\/a-propos\/\",\"url\":\"https:\/\/acsimultimedia.fr\/index.php\/a-propos\/\",\"name\":\"A propos - ACSI Multimedia : informatique, r\u00e9seaux et s\u00e9curit\u00e9\",\"isPartOf\":{\"@id\":\"https:\/\/acsimultimedia.fr\/#website\"},\"datePublished\":\"2022-11-05T15:44:02+00:00\",\"dateModified\":\"2022-12-17T16:42:43+00:00\",\"breadcrumb\":{\"@id\":\"https:\/\/acsimultimedia.fr\/index.php\/a-propos\/#breadcrumb\"},\"inLanguage\":\"fr-FR\",\"potentialAction\":[{\"@type\":\"ReadAction\",\"target\":[\"https:\/\/acsimultimedia.fr\/index.php\/a-propos\/\"]}]},{\"@type\":\"BreadcrumbList\",\"@id\":\"https:\/\/acsimultimedia.fr\/index.php\/a-propos\/#breadcrumb\",\"itemListElement\":[{\"@type\":\"ListItem\",\"position\":1,\"name\":\"Accueil\",\"item\":\"https:\/\/acsimultimedia.fr\/\"},{\"@type\":\"ListItem\",\"position\":2,\"name\":\"A propos\"}]},{\"@type\":\"WebSite\",\"@id\":\"https:\/\/acsimultimedia.fr\/#website\",\"url\":\"https:\/\/acsimultimedia.fr\/\",\"name\":\"ACSI Multimedia : informatique, r\u00e9seaux et s\u00e9curit\u00e9\",\"description\":\"Votre prestataire informatique et s\u00e9curit\u00e9 \u00e0 vos c\u00f4t\u00e9s depuis plus de 10 ans\",\"publisher\":{\"@id\":\"https:\/\/acsimultimedia.fr\/#organization\"},\"potentialAction\":[{\"@type\":\"SearchAction\",\"target\":{\"@type\":\"EntryPoint\",\"urlTemplate\":\"https:\/\/acsimultimedia.fr\/?s={search_term_string}\"},\"query-input\":\"required name=search_term_string\"}],\"inLanguage\":\"fr-FR\"},{\"@type\":\"Organization\",\"@id\":\"https:\/\/acsimultimedia.fr\/#organization\",\"name\":\"ACSI Multimedia : informatique, r\u00e9seaux et s\u00e9curit\u00e9\",\"url\":\"https:\/\/acsimultimedia.fr\/\",\"logo\":{\"@type\":\"ImageObject\",\"inLanguage\":\"fr-FR\",\"@id\":\"https:\/\/acsimultimedia.fr\/#\/schema\/logo\/image\/\",\"url\":\"https:\/\/acsimultimedia.fr\/wp-content\/uploads\/2022\/11\/cropped-ACSIM.png\",\"contentUrl\":\"https:\/\/acsimultimedia.fr\/wp-content\/uploads\/2022\/11\/cropped-ACSIM.png\",\"width\":960,\"height\":266,\"caption\":\"ACSI Multimedia : informatique, r\u00e9seaux et s\u00e9curit\u00e9\"},\"image\":{\"@id\":\"https:\/\/acsimultimedia.fr\/#\/schema\/logo\/image\/\"}}]}<\/script>\n<!-- \/ Yoast SEO plugin. -->","yoast_head_json":{"title":"A propos - ACSI Multimedia : informatique, r\u00e9seaux et s\u00e9curit\u00e9","robots":{"index":"index","follow":"follow","max-snippet":"max-snippet:-1","max-image-preview":"max-image-preview:large","max-video-preview":"max-video-preview:-1"},"canonical":"https:\/\/acsimultimedia.fr\/index.php\/a-propos\/","og_locale":"fr_FR","og_type":"article","og_title":"A propos - ACSI Multimedia : informatique, r\u00e9seaux et s\u00e9curit\u00e9","og_description":"A propos ACSI Multimedia a \u00e9t\u00e9 cr\u00e9\u00e9e en 2012. Principalement centr\u00e9e sur le p\u00f4le web \u00e0 ses d\u00e9buts, elle cherchait \u00e0 r\u00e9pondre au besoin de pr\u00e9sence sur internet des TPE et PME. Nous proposions la gestion de nom de domaine, d\u2019emails et la cr\u00e9ation de site vitrine simple en responsive design. En 2013, nous \u00e9largissions &hellip; A propos Lire la suite\u00a0\u00bb","og_url":"https:\/\/acsimultimedia.fr\/index.php\/a-propos\/","og_site_name":"ACSI Multimedia : informatique, r\u00e9seaux et s\u00e9curit\u00e9","article_modified_time":"2022-12-17T16:42:43+00:00","twitter_card":"summary_large_image","twitter_misc":{"Dur\u00e9e de lecture estim\u00e9e":"1 minute"},"schema":{"@context":"https:\/\/schema.org","@graph":[{"@type":"WebPage","@id":"https:\/\/acsimultimedia.fr\/index.php\/a-propos\/","url":"https:\/\/acsimultimedia.fr\/index.php\/a-propos\/","name":"A propos - ACSI Multimedia : informatique, r\u00e9seaux et s\u00e9curit\u00e9","isPartOf":{"@id":"https:\/\/acsimultimedia.fr\/#website"},"datePublished":"2022-11-05T15:44:02+00:00","dateModified":"2022-12-17T16:42:43+00:00","breadcrumb":{"@id":"https:\/\/acsimultimedia.fr\/index.php\/a-propos\/#breadcrumb"},"inLanguage":"fr-FR","potentialAction":[{"@type":"ReadAction","target":["https:\/\/acsimultimedia.fr\/index.php\/a-propos\/"]}]},{"@type":"BreadcrumbList","@id":"https:\/\/acsimultimedia.fr\/index.php\/a-propos\/#breadcrumb","itemListElement":[{"@type":"ListItem","position":1,"name":"Accueil","item":"https:\/\/acsimultimedia.fr\/"},{"@type":"ListItem","position":2,"name":"A propos"}]},{"@type":"WebSite","@id":"https:\/\/acsimultimedia.fr\/#website","url":"https:\/\/acsimultimedia.fr\/","name":"ACSI Multimedia : informatique, r\u00e9seaux et s\u00e9curit\u00e9","description":"Votre prestataire informatique et s\u00e9curit\u00e9 \u00e0 vos c\u00f4t\u00e9s depuis plus de 10 ans","publisher":{"@id":"https:\/\/acsimultimedia.fr\/#organization"},"potentialAction":[{"@type":"SearchAction","target":{"@type":"EntryPoint","urlTemplate":"https:\/\/acsimultimedia.fr\/?s={search_term_string}"},"query-input":"required name=search_term_string"}],"inLanguage":"fr-FR"},{"@type":"Organization","@id":"https:\/\/acsimultimedia.fr\/#organization","name":"ACSI Multimedia : informatique, r\u00e9seaux et s\u00e9curit\u00e9","url":"https:\/\/acsimultimedia.fr\/","logo":{"@type":"ImageObject","inLanguage":"fr-FR","@id":"https:\/\/acsimultimedia.fr\/#\/schema\/logo\/image\/","url":"https:\/\/acsimultimedia.fr\/wp-content\/uploads\/2022\/11\/cropped-ACSIM.png","contentUrl":"https:\/\/acsimultimedia.fr\/wp-content\/uploads\/2022\/11\/cropped-ACSIM.png","width":960,"height":266,"caption":"ACSI Multimedia : informatique, r\u00e9seaux et s\u00e9curit\u00e9"},"image":{"@id":"https:\/\/acsimultimedia.fr\/#\/schema\/logo\/image\/"}}]}},"_links":{"self":[{"href":"https:\/\/acsimultimedia.fr\/index.php\/wp-json\/wp\/v2\/pages\/16","targetHints":{"allow":["GET"]}}],"collection":[{"href":"https:\/\/acsimultimedia.fr\/index.php\/wp-json\/wp\/v2\/pages"}],"about":[{"href":"https:\/\/acsimultimedia.fr\/index.php\/wp-json\/wp\/v2\/types\/page"}],"author":[{"embeddable":true,"href":"https:\/\/acsimultimedia.fr\/index.php\/wp-json\/wp\/v2\/users\/1"}],"replies":[{"embeddable":true,"href":"https:\/\/acsimultimedia.fr\/index.php\/wp-json\/wp\/v2\/comments?post=16"}],"version-history":[{"count":13,"href":"https:\/\/acsimultimedia.fr\/index.php\/wp-json\/wp\/v2\/pages\/16\/revisions"}],"predecessor-version":[{"id":507,"href":"https:\/\/acsimultimedia.fr\/index.php\/wp-json\/wp\/v2\/pages\/16\/revisions\/507"}],"wp:attachment":[{"href":"https:\/\/acsimultimedia.fr\/index.php\/wp-json\/wp\/v2\/media?parent=16"}],"curies":[{"name":"wp","href":"https:\/\/api.w.org\/{rel}","templated":true}]}}